{"id":3112,"date":"2021-03-18T15:22:17","date_gmt":"2021-03-18T14:22:17","guid":{"rendered":"https:\/\/hotel-mozart.tirol\/rooms-suites\/comfort-room-south\/"},"modified":"2021-03-18T15:22:17","modified_gmt":"2021-03-18T14:22:17","slug":"comfort-room-south","status":"publish","type":"page","link":"https:\/\/hotel-mozart.tirol\/en\/rooms-suites\/comfort-room-south\/","title":{"rendered":"Comfort room south"},"content":{"rendered":"<p>[et_pb_section fb_built=&#8221;1&#8243; _builder_version=&#8221;4.7.4&#8243; _module_preset=&#8221;default&#8221; background_image=&#8221;https:\/\/hotel-mozart.tirol\/wp-content\/uploads\/2020\/11\/Komfortzimmer-sued-1013.jpg&#8221; height=&#8221;40vw&#8221; height_tablet=&#8221;50vw&#8221; height_phone=&#8221;60vw&#8221; height_last_edited=&#8221;on|desktop&#8221; custom_padding=&#8221;16vw||||false|false&#8221; da_disable_devices=&#8221;off|off|off&#8221; da_is_popup=&#8221;off&#8221; da_exit_intent=&#8221;off&#8221; da_has_close=&#8221;on&#8221; da_alt_close=&#8221;off&#8221; da_dark_close=&#8221;off&#8221; da_not_modal=&#8221;on&#8221; da_is_singular=&#8221;off&#8221; da_with_loader=&#8221;off&#8221; da_has_shadow=&#8221;on&#8221;][et_pb_row _builder_version=&#8221;4.7.4&#8243; _module_preset=&#8221;default&#8221; background_color=&#8221;rgba(128,59,44,0.82)&#8221;][et_pb_column type=&#8221;4_4&#8243; _builder_version=&#8221;4.7.4&#8243; _module_preset=&#8221;default&#8221;][et_pb_text _builder_version=&#8221;4.7.4&#8243; _dynamic_attributes=&#8221;content&#8221; _module_preset=&#8221;default&#8221; text_text_color=&#8221;#d5a940&#8243; text_font_size=&#8221;4vw&#8221; header_text_color=&#8221;#d5a940&#8243; background_enable_color=&#8221;off&#8221; text_orientation=&#8221;center&#8221; custom_padding=&#8221;2vw|2vw|2vw|2vw|false|false&#8221; text_font_size_tablet=&#8221;&#8221; text_font_size_phone=&#8221;&#8221; text_font_size_last_edited=&#8221;on|desktop&#8221;]@ET-DC@eyJkeW5hbWljIjp0cnVlLCJjb250ZW50IjoicG9zdF90aXRsZSIsInNldHRpbmdzIjp7ImJlZm9yZSI6IiIsImFmdGVyIjoiIn19@[\/et_pb_text][\/et_pb_column][\/et_pb_row][\/et_pb_section][et_pb_section fb_built=&#8221;1&#8243; admin_label=&#8221;Sektion 1 Bild links&#8221; _builder_version=&#8221;4.7.4&#8243; _module_preset=&#8221;default&#8221; background_enable_color=&#8221;off&#8221; custom_margin=&#8221;0px||0px||false|false&#8221; custom_padding=&#8221;40px||40px||false|false&#8221; da_disable_devices=&#8221;off|off|off&#8221; border_color_bottom=&#8221;#ae5142&#8243; collapsed=&#8221;off&#8221; da_is_popup=&#8221;off&#8221; da_exit_intent=&#8221;off&#8221; da_has_close=&#8221;on&#8221; da_alt_close=&#8221;off&#8221; da_dark_close=&#8221;off&#8221; da_not_modal=&#8221;on&#8221; da_is_singular=&#8221;off&#8221; da_with_loader=&#8221;off&#8221; da_has_shadow=&#8221;on&#8221;][et_pb_row column_structure=&#8221;1_2,1_2&#8243; _builder_version=&#8221;4.7.4&#8243; _module_preset=&#8221;default&#8221; custom_padding=&#8221;||1vw||false|false&#8221;][et_pb_column type=&#8221;1_2&#8243; _builder_version=&#8221;4.7.4&#8243; _module_preset=&#8221;default&#8221;][et_pb_text _builder_version=&#8221;4.7.4&#8243; _dynamic_attributes=&#8221;content&#8221; _module_preset=&#8221;default&#8221; text_font_size=&#8221;40px&#8221; header_text_align=&#8221;left&#8221; custom_margin=&#8221;||26px|||&#8221;]@ET-DC@eyJkeW5hbWljIjp0cnVlLCJjb250ZW50IjoicG9zdF90aXRsZSIsInNldHRpbmdzIjp7ImJlZm9yZSI6IiIsImFmdGVyIjoiIn19@[\/et_pb_text][et_pb_text _builder_version=&#8221;4.7.4&#8243; _module_preset=&#8221;default&#8221; header_text_align=&#8221;left&#8221; custom_margin=&#8221;||26px|||&#8221;]<\/p>\n<p>Quiet, comfortable double room on the south side with big balcony.<\/p>\n<p>This room with its 41 m2 invites you to take a break from everyday life. It has a cosy living area for a relaxing evening where you can read a book or watch TV.<\/p>\n<p>[\/et_pb_text][\/et_pb_column][et_pb_column type=&#8221;1_2&#8243; _builder_version=&#8221;4.7.4&#8243; _module_preset=&#8221;default&#8221;][et_pb_text _builder_version=&#8221;4.7.4&#8243; _module_preset=&#8221;default&#8221; text_orientation=&#8221;center&#8221; custom_margin=&#8221;||26px|||&#8221; custom_padding=&#8221;||||false|false&#8221; custom_padding_tablet=&#8221;|||17vw|false|false&#8221; custom_padding_phone=&#8221;&#8221; custom_padding_last_edited=&#8221;on|phone&#8221;]<\/p>\n<h3>Eqipment:<\/h3>\n<p>\u2022 Radio<br \/>\u2022 TV<br \/>\u2022 Telephone<br \/>\u2022 WiFi<br \/>\u2022 Couch<br \/>\u2022 South-facing balcony<br \/>\u2022 Shower<br \/>\u2022 Separate toilet<br \/>\u2022 Hair dryer<br \/>\u2022 Make-up mirror<br \/>\u2022 Room safe<\/p>\n<p>[\/et_pb_text][\/et_pb_column][\/et_pb_row][et_pb_row use_custom_gutter=&#8221;on&#8221; gutter_width=&#8221;1&#8243; make_equal=&#8221;on&#8221; _builder_version=&#8221;4.7.4&#8243; _module_preset=&#8221;default&#8221; width=&#8221;100%&#8221; max_width=&#8221;1900px&#8221;][et_pb_column type=&#8221;4_4&#8243; _builder_version=&#8221;4.7.4&#8243; _module_preset=&#8221;default&#8221;][et_pb_gallery gallery_ids=&#8221;198,192,180,194,200,202,206,204,196,210&#8243; posts_number=&#8221;10&#8243; show_title_and_caption=&#8221;off&#8221; show_pagination=&#8221;off&#8221; zoom_icon_color=&#8221;#4f382f&#8221; hover_overlay_color=&#8221;rgba(202,158,103,0.68)&#8221; hover_icon=&#8221;%%51%%&#8221; _builder_version=&#8221;4.7.4&#8243; _module_preset=&#8221;default&#8221; custom_css_gallery_item=&#8221;padding: 2px;||width: 20% !important;||clear: right !important;&#8221;][\/et_pb_gallery][\/et_pb_column][\/et_pb_row][\/et_pb_section]<\/p>\n","protected":false},"excerpt":{"rendered":"<p>Quiet, comfortable double room on the south side with big balcony. This room with its 41 m2 invites you to take a break from everyday life. It has a cosy living area for a relaxing evening where you can read a book or watch TV.Eqipment: \u2022 Radio\u2022 TV\u2022 Telephone\u2022 WiFi\u2022 Couch\u2022 South-facing balcony\u2022 Shower\u2022 Separate [&hellip;]<\/p>\n","protected":false},"author":1,"featured_media":0,"parent":3091,"menu_order":0,"comment_status":"closed","ping_status":"closed","template":"","meta":{"_et_pb_use_builder":"on","_et_pb_old_content":"","_et_gb_content_width":"","footnotes":""},"class_list":["post-3112","page","type-page","status-publish","hentry"],"yoast_head":"<!-- This site is optimized with the Yoast SEO plugin v26.9 - https:\/\/yoast.com\/product\/yoast-seo-wordpress\/ -->\n<title>Hotel Mozart in Landeck in Tirol | Comfort room south<\/title>\n<meta name=\"description\" content=\"\u2b50\ufe0f\u2b50\ufe0f\u2b50\ufe0f\u2b50\ufe0f Hotel Mozart in Landeck in Tirol. Ger\u00e4umige Zimmer, Sauna, Hallenbad, Infrarot, Fitness, Squash... So viele M\u00f6glichkeiten! Zeit f\u00fcr dich - so lautet seit vielen Jahren unser Motto... Wir freuen uns auf Sie!\" \/>\n<meta name=\"robots\" content=\"index, follow, max-snippet:-1, max-image-preview:large, max-video-preview:-1\" \/>\n<link rel=\"canonical\" href=\"https:\/\/hotel-mozart.tirol\/en\/rooms-suites\/comfort-room-south\/\" \/>\n<meta property=\"og:locale\" content=\"en_US\" \/>\n<meta property=\"og:type\" content=\"article\" \/>\n<meta property=\"og:title\" content=\"Hotel Mozart in Landeck in Tirol | Comfort room south\" \/>\n<meta property=\"og:description\" content=\"\u2b50\ufe0f\u2b50\ufe0f\u2b50\ufe0f\u2b50\ufe0f Hotel Mozart in Landeck in Tirol. Ger\u00e4umige Zimmer, Sauna, Hallenbad, Infrarot, Fitness, Squash... So viele M\u00f6glichkeiten! Zeit f\u00fcr dich - so lautet seit vielen Jahren unser Motto... Wir freuen uns auf Sie!\" \/>\n<meta property=\"og:url\" content=\"https:\/\/hotel-mozart.tirol\/en\/rooms-suites\/comfort-room-south\/\" \/>\n<meta property=\"og:site_name\" content=\"Hotel Mozart in Landeck in Tirol\" \/>\n<meta property=\"article:publisher\" content=\"https:\/\/www.facebook.com\/mozartlandeck\" \/>\n<meta name=\"twitter:card\" content=\"summary_large_image\" \/>\n<meta name=\"twitter:label1\" content=\"Est. reading time\" \/>\n\t<meta name=\"twitter:data1\" content=\"3 minutes\" \/>\n<script type=\"application\/ld+json\" class=\"yoast-schema-graph\">{\"@context\":\"https:\/\/schema.org\",\"@graph\":[{\"@type\":\"WebPage\",\"@id\":\"https:\/\/hotel-mozart.tirol\/en\/rooms-suites\/comfort-room-south\/\",\"url\":\"https:\/\/hotel-mozart.tirol\/en\/rooms-suites\/comfort-room-south\/\",\"name\":\"Hotel Mozart in Landeck in Tirol | Comfort room south\",\"isPartOf\":{\"@id\":\"https:\/\/hotel-mozart.tirol\/en\/#website\"},\"datePublished\":\"2021-03-18T14:22:17+00:00\",\"description\":\"\u2b50\ufe0f\u2b50\ufe0f\u2b50\ufe0f\u2b50\ufe0f Hotel Mozart in Landeck in Tirol. Ger\u00e4umige Zimmer, Sauna, Hallenbad, Infrarot, Fitness, Squash... So viele M\u00f6glichkeiten! Zeit f\u00fcr dich - so lautet seit vielen Jahren unser Motto... Wir freuen uns auf Sie!\",\"breadcrumb\":{\"@id\":\"https:\/\/hotel-mozart.tirol\/en\/rooms-suites\/comfort-room-south\/#breadcrumb\"},\"inLanguage\":\"en-US\",\"potentialAction\":[{\"@type\":\"ReadAction\",\"target\":[\"https:\/\/hotel-mozart.tirol\/en\/rooms-suites\/comfort-room-south\/\"]}]},{\"@type\":\"BreadcrumbList\",\"@id\":\"https:\/\/hotel-mozart.tirol\/en\/rooms-suites\/comfort-room-south\/#breadcrumb\",\"itemListElement\":[{\"@type\":\"ListItem\",\"position\":1,\"name\":\"Startseite\",\"item\":\"https:\/\/hotel-mozart.tirol\/en\/\"},{\"@type\":\"ListItem\",\"position\":2,\"name\":\"Rooms &#038; Suites\",\"item\":\"https:\/\/hotel-mozart.tirol\/en\/rooms-suites\/\"},{\"@type\":\"ListItem\",\"position\":3,\"name\":\"Comfort room south\"}]},{\"@type\":\"WebSite\",\"@id\":\"https:\/\/hotel-mozart.tirol\/en\/#website\",\"url\":\"https:\/\/hotel-mozart.tirol\/en\/\",\"name\":\"Hotel Mozart in Landeck in Tirol\",\"description\":\"Familie Thomas Radlbeck\",\"publisher\":{\"@id\":\"https:\/\/hotel-mozart.tirol\/en\/#organization\"},\"potentialAction\":[{\"@type\":\"SearchAction\",\"target\":{\"@type\":\"EntryPoint\",\"urlTemplate\":\"https:\/\/hotel-mozart.tirol\/en\/?s={search_term_string}\"},\"query-input\":{\"@type\":\"PropertyValueSpecification\",\"valueRequired\":true,\"valueName\":\"search_term_string\"}}],\"inLanguage\":\"en-US\"},{\"@type\":\"Organization\",\"@id\":\"https:\/\/hotel-mozart.tirol\/en\/#organization\",\"name\":\"Hotel Mozart in Landeck in Tirol\",\"url\":\"https:\/\/hotel-mozart.tirol\/en\/\",\"logo\":{\"@type\":\"ImageObject\",\"inLanguage\":\"en-US\",\"@id\":\"https:\/\/hotel-mozart.tirol\/en\/#\/schema\/logo\/image\/\",\"url\":\"https:\/\/hotel-mozart.tirol\/wp-content\/uploads\/2020\/12\/Logo_gold_mit_slogan.png\",\"contentUrl\":\"https:\/\/hotel-mozart.tirol\/wp-content\/uploads\/2020\/12\/Logo_gold_mit_slogan.png\",\"width\":3508,\"height\":1746,\"caption\":\"Hotel Mozart in Landeck in Tirol\"},\"image\":{\"@id\":\"https:\/\/hotel-mozart.tirol\/en\/#\/schema\/logo\/image\/\"},\"sameAs\":[\"https:\/\/www.facebook.com\/mozartlandeck\"]}]}<\/script>\n<!-- \/ Yoast SEO plugin. -->","yoast_head_json":{"title":"Hotel Mozart in Landeck in Tirol | Comfort room south","description":"\u2b50\ufe0f\u2b50\ufe0f\u2b50\ufe0f\u2b50\ufe0f Hotel Mozart in Landeck in Tirol. Ger\u00e4umige Zimmer, Sauna, Hallenbad, Infrarot, Fitness, Squash... So viele M\u00f6glichkeiten! Zeit f\u00fcr dich - so lautet seit vielen Jahren unser Motto... Wir freuen uns auf Sie!","robots":{"index":"index","follow":"follow","max-snippet":"max-snippet:-1","max-image-preview":"max-image-preview:large","max-video-preview":"max-video-preview:-1"},"canonical":"https:\/\/hotel-mozart.tirol\/en\/rooms-suites\/comfort-room-south\/","og_locale":"en_US","og_type":"article","og_title":"Hotel Mozart in Landeck in Tirol | Comfort room south","og_description":"\u2b50\ufe0f\u2b50\ufe0f\u2b50\ufe0f\u2b50\ufe0f Hotel Mozart in Landeck in Tirol. Ger\u00e4umige Zimmer, Sauna, Hallenbad, Infrarot, Fitness, Squash... So viele M\u00f6glichkeiten! Zeit f\u00fcr dich - so lautet seit vielen Jahren unser Motto... Wir freuen uns auf Sie!","og_url":"https:\/\/hotel-mozart.tirol\/en\/rooms-suites\/comfort-room-south\/","og_site_name":"Hotel Mozart in Landeck in Tirol","article_publisher":"https:\/\/www.facebook.com\/mozartlandeck","twitter_card":"summary_large_image","twitter_misc":{"Est. reading time":"3 minutes"},"schema":{"@context":"https:\/\/schema.org","@graph":[{"@type":"WebPage","@id":"https:\/\/hotel-mozart.tirol\/en\/rooms-suites\/comfort-room-south\/","url":"https:\/\/hotel-mozart.tirol\/en\/rooms-suites\/comfort-room-south\/","name":"Hotel Mozart in Landeck in Tirol | Comfort room south","isPartOf":{"@id":"https:\/\/hotel-mozart.tirol\/en\/#website"},"datePublished":"2021-03-18T14:22:17+00:00","description":"\u2b50\ufe0f\u2b50\ufe0f\u2b50\ufe0f\u2b50\ufe0f Hotel Mozart in Landeck in Tirol. Ger\u00e4umige Zimmer, Sauna, Hallenbad, Infrarot, Fitness, Squash... So viele M\u00f6glichkeiten! Zeit f\u00fcr dich - so lautet seit vielen Jahren unser Motto... Wir freuen uns auf Sie!","breadcrumb":{"@id":"https:\/\/hotel-mozart.tirol\/en\/rooms-suites\/comfort-room-south\/#breadcrumb"},"inLanguage":"en-US","potentialAction":[{"@type":"ReadAction","target":["https:\/\/hotel-mozart.tirol\/en\/rooms-suites\/comfort-room-south\/"]}]},{"@type":"BreadcrumbList","@id":"https:\/\/hotel-mozart.tirol\/en\/rooms-suites\/comfort-room-south\/#breadcrumb","itemListElement":[{"@type":"ListItem","position":1,"name":"Startseite","item":"https:\/\/hotel-mozart.tirol\/en\/"},{"@type":"ListItem","position":2,"name":"Rooms &#038; Suites","item":"https:\/\/hotel-mozart.tirol\/en\/rooms-suites\/"},{"@type":"ListItem","position":3,"name":"Comfort room south"}]},{"@type":"WebSite","@id":"https:\/\/hotel-mozart.tirol\/en\/#website","url":"https:\/\/hotel-mozart.tirol\/en\/","name":"Hotel Mozart in Landeck in Tirol","description":"Familie Thomas Radlbeck","publisher":{"@id":"https:\/\/hotel-mozart.tirol\/en\/#organization"},"potentialAction":[{"@type":"SearchAction","target":{"@type":"EntryPoint","urlTemplate":"https:\/\/hotel-mozart.tirol\/en\/?s={search_term_string}"},"query-input":{"@type":"PropertyValueSpecification","valueRequired":true,"valueName":"search_term_string"}}],"inLanguage":"en-US"},{"@type":"Organization","@id":"https:\/\/hotel-mozart.tirol\/en\/#organization","name":"Hotel Mozart in Landeck in Tirol","url":"https:\/\/hotel-mozart.tirol\/en\/","logo":{"@type":"ImageObject","inLanguage":"en-US","@id":"https:\/\/hotel-mozart.tirol\/en\/#\/schema\/logo\/image\/","url":"https:\/\/hotel-mozart.tirol\/wp-content\/uploads\/2020\/12\/Logo_gold_mit_slogan.png","contentUrl":"https:\/\/hotel-mozart.tirol\/wp-content\/uploads\/2020\/12\/Logo_gold_mit_slogan.png","width":3508,"height":1746,"caption":"Hotel Mozart in Landeck in Tirol"},"image":{"@id":"https:\/\/hotel-mozart.tirol\/en\/#\/schema\/logo\/image\/"},"sameAs":["https:\/\/www.facebook.com\/mozartlandeck"]}]}},"_links":{"self":[{"href":"https:\/\/hotel-mozart.tirol\/en\/wp-json\/wp\/v2\/pages\/3112","targetHints":{"allow":["GET"]}}],"collection":[{"href":"https:\/\/hotel-mozart.tirol\/en\/wp-json\/wp\/v2\/pages"}],"about":[{"href":"https:\/\/hotel-mozart.tirol\/en\/wp-json\/wp\/v2\/types\/page"}],"author":[{"embeddable":true,"href":"https:\/\/hotel-mozart.tirol\/en\/wp-json\/wp\/v2\/users\/1"}],"replies":[{"embeddable":true,"href":"https:\/\/hotel-mozart.tirol\/en\/wp-json\/wp\/v2\/comments?post=3112"}],"version-history":[{"count":2,"href":"https:\/\/hotel-mozart.tirol\/en\/wp-json\/wp\/v2\/pages\/3112\/revisions"}],"predecessor-version":[{"id":3114,"href":"https:\/\/hotel-mozart.tirol\/en\/wp-json\/wp\/v2\/pages\/3112\/revisions\/3114"}],"up":[{"embeddable":true,"href":"https:\/\/hotel-mozart.tirol\/en\/wp-json\/wp\/v2\/pages\/3091"}],"wp:attachment":[{"href":"https:\/\/hotel-mozart.tirol\/en\/wp-json\/wp\/v2\/media?parent=3112"}],"curies":[{"name":"wp","href":"https:\/\/api.w.org\/{rel}","templated":true}]}}